{"id":2200,"date":"2020-10-13T16:35:46","date_gmt":"2020-10-13T14:35:46","guid":{"rendered":"https:\/\/rossumcafe.com\/?page_id=2200"},"modified":"2020-10-16T09:19:27","modified_gmt":"2020-10-16T07:19:27","slug":"cookies-policy","status":"publish","type":"page","link":"https:\/\/rossumcafe.com\/en\/cookies-policy\/","title":{"rendered":"Cookies policy"},"content":{"rendered":"<div class=\"fusion-fullwidth fullwidth-box fusion-builder-row-1 fusion-flex-container nonhundred-percent-fullwidth non-hundred-percent-height-scrolling\" style=\"background-color: rgba(255,255,255,0);background-position: center center;background-repeat: no-repeat;border-width: 0px 0px 0px 0px;border-color:#e2e2e2;border-style:solid;\" ><div class=\"fusion-builder-row fusion-row fusion-flex-align-items-flex-start\" style=\"max-width:1404px;margin-left: calc(-4% \/ 2 );margin-right: calc(-4% \/ 2 );\"><div class=\"fusion-layout-column fusion_builder_column fusion-builder-column-0 fusion_builder_column_1_1 1_1 fusion-flex-column\"><div class=\"fusion-column-wrapper fusion-flex-justify-content-flex-start fusion-content-layout-column\" style=\"background-position:left top;background-repeat:no-repeat;-webkit-background-size:cover;-moz-background-size:cover;-o-background-size:cover;background-size:cover;padding: 0px 0px 0px 0px;\"><div class=\"fusion-text fusion-text-1\" style=\"transform:translate3d(0,0,0);\"><p><strong>I. Z\u00c1SADY POU\u017d\u00cdVANIA S\u00daBOROV COOKIE<\/strong><\/p>\n<p>Kedy sa pou\u017eij\u00fa tieto z\u00e1sady pre pou\u017e\u00edvanie s\u00faborov cookie?<\/p>\n<p>Tieto Z\u00e1sady pre pou\u017e\u00edvanie s\u00faborov cookie (\u010falej len \u201eZ\u00e1sady\u201c) popisuj\u00fa sp\u00f4sob, ak\u00fdm spolo\u010dnos\u0165 Rossum Cafe, s. r. o., so s\u00eddlom Tup\u00e9ho 27\/A, 831 01 Bratislava \u2013 mestsk\u00e1 \u010das\u0165 Nov\u00e9 Mesto, I\u010cO: 52\u00a0592 812 (\u010falej len \u201eRossum Cafe\u201c alebo \u201emy\u201c) pou\u017e\u00edva na svojich internetov\u00fdch str\u00e1nkach s\u00fabory cookie. Pre\u010d\u00edtajte si pros\u00edm tieto Z\u00e1sady pozorne, aby ste zistili, ako V\u00e1m m\u00f4\u017eu s\u00fabory cookie u\u013eah\u010di\u0165 vyu\u017e\u00edvanie na\u0161ich internetov\u00fdch str\u00e1nok a ako m\u00f4\u017eete spravova\u0165 s\u00fabory cookie na svojom zariaden\u00ed.<\/p>\n<p><strong>II. \u010cO S\u00da TO S\u00daBORY COOKIE?<\/strong><\/p>\n<p>\u201eS\u00fabory cookie\u201c alebo \u201ecookies\u201c s\u00fa inform\u00e1cie, ktor\u00e9 sa ukladaj\u00fa do V\u00e1\u0161ho po\u010d\u00edta\u010da, tabletu alebo telef\u00f3nu (\u010falej len \u201ezariadenia\u201c), ke\u010f nav\u0161t\u00edvite internetov\u00e9 str\u00e1nky. S\u00fabory cookie m\u00f4\u017eu sl\u00fa\u017ei\u0165 na rozoznanie V\u00e1\u0161ho zariadenia pri n\u00e1v\u0161teve ur\u010dit\u00fdch internetov\u00fdch str\u00e1nok. Aby V\u00e1m u\u013eah\u010dili vyu\u017e\u00edvanie t\u00fdchto str\u00e1nok, pam\u00e4taj\u00fa si u\u017eito\u010dn\u00e9 podrobnosti z Va\u0161ich predch\u00e1dzaj\u00facich n\u00e1v\u0161tev. Cookies vyu\u017e\u00edva v\u00e4\u010d\u0161ina internetov\u00fdch str\u00e1nok, vr\u00e1tane t\u00fdch na\u0161ich.<\/p>\n<p>Samotn\u00e9 s\u00fabory cookie nie je mo\u017en\u00e9 pou\u017ei\u0165 na Va\u0161u identifik\u00e1ciu, ale v kombin\u00e1cii s \u010fal\u0161\u00edmi inform\u00e1ciami m\u00f4\u017eu by\u0165 s\u00a0Vami priamo \u010di nepriamo sp\u00e1jan\u00e9. V t\u00fdchto pr\u00edpadoch je mo\u017en\u00e9 s\u00fabory cookie pova\u017eova\u0165 za osobn\u00e9 \u00fadaje. Nesna\u017e\u00edme sa V\u00e1s na z\u00e1klade cookies osobne identifikova\u0165. Ak tak rob\u00edme, db\u00e1me na to, aby v\u0161etky inform\u00e1cie zo s\u00faborov cookie boli sprac\u00favan\u00e9 ako osobn\u00e9 \u00fadaje v s\u00falade s platn\u00fdmi pr\u00e1vnymi predpismi o ochrane osobn\u00fdch \u00fadajov.<\/p>\n<p><strong>III. PRE\u010cO POU\u017d\u00cdVAME COOKIES?<\/strong><\/p>\n<p>\u00dadaje z\u00edskan\u00e9 z cookies pou\u017e\u00edvame na z\u00e1klade n\u00e1\u0161ho opr\u00e1vnen\u00e9ho z\u00e1ujmu, aby sme:<\/p>\n<p>a) mohli vytv\u00e1ra\u0165 \u0161tatistick\u00e9 \u00fadaje o vyu\u017e\u00edvan\u00ed na\u0161ich internetov\u00fdch str\u00e1nok,<br \/>\nb) mohli sledova\u0165 \u00fa\u010dinnos\u0165 na\u0161ej reklamy,<br \/>\nc) zaistili bezpe\u010dnos\u0165 na\u0161ich internetov\u00fdch str\u00e1nok, a<br \/>\nd) u\u013eah\u010dili V\u00e1m po\u010das n\u00e1v\u0161tevy na\u0161ich internetov\u00fdch str\u00e1nok ich vyu\u017e\u00edvanie.<\/p>\n<p><strong>IV. AK\u00c9 S\u00daBORY COOKIE VYU\u017d\u00cdVAME?<\/strong><\/p>\n<p>Na na\u0161ich internetov\u00fdch str\u00e1nkach m\u00f4\u017eeme vyu\u017e\u00edva\u0165 nasleduj\u00face kateg\u00f3rie s\u00faborov cookie:<\/p>\n<p><strong>A. Z\u00e1kladn\u00e9 S\u00daBORY cookie<\/strong><\/p>\n<p>S\u00fa nevyhnutn\u00e9 na prev\u00e1dzkovanie na\u0161ich webov\u00fdch str\u00e1nok a m\u00f4\u017eeme ich pou\u017e\u00edva\u0165 na autentifikovanie pou\u017e\u00edvate\u013eov, na predch\u00e1dzanie podvodom a neopr\u00e1vnen\u00fdm pr\u00edstupom k pou\u017e\u00edvate\u013esk\u00fdm \u00fa\u010dtom na\u0161ich online slu\u017eieb alebo pri ponuke rozli\u010dn\u00fdch funkcional\u00edt.<\/p>\n<p><strong>B. FUNK\u010cN\u00c9 S\u00daBORY COOKIE<\/strong><\/p>\n<p>Tieto s\u00fabory s\u00fa nevyhnutn\u00e9 na to, aby ste sa mohli pohybova\u0165 v r\u00e1mci internetov\u00fdch str\u00e1nok a vyu\u017e\u00edva\u0165 ich funkcie.<\/p>\n<p><strong>C. V\u00ddKONNOSTN\u00c9 S\u00daBORY COOKIE<\/strong><\/p>\n<p>Tieto s\u00fabory cookie zhroma\u017e\u010fuj\u00fa anonymn\u00e9 \u0161tatistick\u00e9 inform\u00e1cie o tom, ako \u013eudia vyu\u017e\u00edvaj\u00fa na\u0161e internetov\u00e9 str\u00e1nky. V\u00fdkonnostn\u00e9 cookies n\u00e1m napr\u00edklad pom\u00e1haj\u00fa lep\u0161ie zisti\u0165, ako pou\u017e\u00edvatelia prehliadaj\u00fa alebo vyu\u017e\u00edvaj\u00fa na\u0161e internetov\u00e9 str\u00e1nky a\u00a0upozor\u0148uj\u00fa na oblasti, ktor\u00e9 maj\u00fa najv\u00e4\u010d\u0161ie vyu\u017eitie.<\/p>\n<p><strong>D. Reklamn\u00e9 S\u00daBORY cookie<\/strong><\/p>\n<p>Tieto cookies pou\u017e\u00edvame na zaznamen\u00e1vanie Va\u0161ich n\u00e1v\u0161tev na na\u0161ich webov\u00fdch str\u00e1nkach, in\u00fdch str\u00e1nkach a odkazov, na ktor\u00e9 ste klikli. Inform\u00e1cie, ktor\u00e9 tak z\u00edskame, pou\u017e\u00edvame na prisp\u00f4sobenie na\u0161ich webov\u00fdch str\u00e1nok Va\u0161im z\u00e1ujmom. Tieto inform\u00e1cie m\u00f4\u017eeme taktie\u017e zdie\u013ea\u0165 s tret\u00edmi osobami, napr. prev\u00e1dzkovate\u013emi soci\u00e1lnych siet\u00ed.<\/p>\n<p><strong>V. Ako dlho zost\u00e1vaj\u00fa cookies ulo\u017een\u00e9 v mojom zariaden\u00ed?<\/strong><\/p>\n<p>Doba uchov\u00e1vania s\u00faborov cookie na Va\u0161om zariaden\u00ed je rozdelen\u00e1 do dvoch kateg\u00f3ri\u00ed.<\/p>\n<p><strong>A. S\u00daBORY COOKIE PLATN\u00c9 PO DOBU REL\u00c1CIE<\/strong><\/p>\n<p>S\u00fabory cookie platn\u00e9 po dobu rel\u00e1cie sa ukladaj\u00fa do okamihu, k\u00fdm zavriete svoj prehliada\u010d. Tieto s\u00fabory sa neukladaj\u00fa na pevn\u00fd disk V\u00e1\u0161ho zariadenia.<\/p>\n<p><strong>B. TRVAL\u00c9 S\u00daBORY COOKIE<\/strong><\/p>\n<p>Trval\u00e9 s\u00fabory cookie sa ukladaj\u00fa na V\u00e1\u0161 pevn\u00fd disk, pokia\u013e ich neodstr\u00e1nite alebo k\u00fdm neskon\u010d\u00ed ich platnos\u0165 (vi\u010f ni\u017e\u0161ie). Inform\u00e1cie z\u00edskan\u00e9 z trval\u00fdch s\u00faborov cookie budeme uklada\u0165 maxim\u00e1lne po dobu 13 mesiacov.<\/p>\n<p><strong>VI. Cookies tret\u00edch str\u00e1n<\/strong><\/p>\n<p>Na svojich internetov\u00fdch str\u00e1nkach m\u00f4\u017eeme vyu\u017e\u00edva\u0165 aj s\u00fabory cookie tret\u00edch str\u00e1n. Ide o nasledovn\u00e9 slu\u017eby:<\/p>\n<\/div><div class=\"fusion-separator fusion-full-width-sep\" style=\"align-self: center;margin-left: auto;margin-right: auto;margin-bottom:20px;width:100%;\"><\/div>\n<div class=\"table-2\">\n<table width=\"100%\">\n<thead>\n<tr>\n<th align=\"left\">N\u00e1zov slu\u017eby<\/th>\n<th align=\"left\">Popis vyu\u017eitia cookies<\/th>\n<th align=\"left\">Platnos\u0165 cookies<\/th>\n<\/tr>\n<\/thead>\n<tbody>\n<tr>\n<td align=\"left\">Google Analytics<\/td>\n<td align=\"left\">Sledovanie pohybu n\u00e1v\u0161tevn\u00edkov na na\u0161ich internetov\u00fdch str\u00e1nkach.<\/td>\n<td align=\"left\">2 dni<\/td>\n<\/tr>\n<\/tbody>\n<\/table>\n<\/div>\n<div class=\"fusion-separator fusion-full-width-sep\" style=\"align-self: center;margin-left: auto;margin-right: auto;margin-top:20px;margin-bottom:20px;width:100%;\"><\/div><div class=\"fusion-text fusion-text-2\" style=\"transform:translate3d(0,0,0);\"><p>Za pou\u017eitie t\u00fdchto cookies tret\u00edmi stranami nenesieme zodpovednos\u0165. Pozorne si pros\u00edm pre\u010d\u00edtajte z\u00e1sady ochrany s\u00fakromia t\u00fdchto tret\u00edch str\u00e1n dostupn\u00e9 na ich internetov\u00fdch str\u00e1nkach, napr. tu:<\/p>\n<\/div><div class=\"fusion-separator fusion-full-width-sep\" style=\"align-self: center;margin-left: auto;margin-right: auto;margin-bottom:20px;width:100%;\"><\/div>\n<div class=\"table-2\">\n<table width=\"100%\">\n<thead>\n<tr>\n<th align=\"left\">N\u00e1zov slu\u017eby<\/th>\n<th align=\"left\">Odkaz na z\u00e1sady ochrany s\u00fakromia<\/th>\n<\/tr>\n<\/thead>\n<tbody>\n<tr>\n<td align=\"left\">Google Analytics<\/td>\n<td align=\"left\">https:\/\/policies.google.com\/privacy?hl=cs&amp;gl=cz<\/td>\n<\/tr>\n<\/tbody>\n<\/table>\n<\/div>\n<div class=\"fusion-separator fusion-full-width-sep\" style=\"align-self: center;margin-left: auto;margin-right: auto;margin-top:20px;margin-bottom:20px;width:100%;\"><\/div><div class=\"fusion-text fusion-text-3\" style=\"transform:translate3d(0,0,0);\"><p>S\u00fabory cookie m\u00f4\u017eete povoli\u0165 alebo zak\u00e1za\u0165 v nastaven\u00ed prehliada\u010da. V nastaven\u00ed prehliada\u010da m\u00f4\u017eete aj vymaza\u0165 hist\u00f3riu s\u00faborov cookie vo svojom zariaden\u00ed.<\/p>\n<p>Prijat\u00edm cookies spravidla dosiahnete maxim\u00e1lne mo\u017en\u00e9 vyu\u017eitie na\u0161ich internetov\u00fdch str\u00e1nok. Ak s\u00fabory cookie zak\u00e1\u017eete, nemusia niektor\u00e9 prvky na\u0161ich internetov\u00fdch str\u00e1nok na Va\u0161om zariaden\u00ed fungova\u0165 a nemus\u00edte ma\u0165 pr\u00edstup do v\u0161etk\u00fdch \u010dast\u00ed na\u0161ich internetov\u00fdch str\u00e1nok. Preto V\u00e1m odpor\u00fa\u010dame, aby ste s\u00fabory cookie povolili.<\/p>\n<p><strong>VIII. M\u00e1m e\u0161te nejak\u00e9 ot\u00e1zky oh\u013eadom cookies. Koho m\u00f4\u017eem kontaktova\u0165?<\/strong><\/p>\n<p>Ak chcete z\u00edska\u0165 viac inform\u00e1ci\u00ed o pou\u017e\u00edvan\u00ed s\u00faborov cookie na na\u0161ich internetov\u00fdch str\u00e1nkach, nev\u00e1hajte n\u00e1s kontaktova\u0165 na\u00a0<a href=\"mailto:info@rossumcafe.com\">info@rossumcafe.com<\/a><\/p>\n<\/div><\/div><\/div><style type=\"text\/css\">.fusion-body .fusion-builder-column-0{width:100% !important;margin-top : 0px;margin-bottom : 20px;}.fusion-builder-column-0 > .fusion-column-wrapper {padding-top : 0px !important;padding-right : 0px !important;margin-right : 1.92%;padding-bottom : 0px !important;padding-left : 0px !important;margin-left : 1.92%;}@media only screen and (max-width:900px) {.fusion-body .fusion-builder-column-0{width:100% !important;order : 0;}.fusion-builder-column-0 > .fusion-column-wrapper {margin-right : 1.92%;margin-left : 1.92%;}}@media only screen and (max-width:640px) {.fusion-body .fusion-builder-column-0{width:100% !important;order : 0;}.fusion-builder-column-0 > .fusion-column-wrapper {margin-right : 1.92%;margin-left : 1.92%;}}<\/style><\/div><style type=\"text\/css\">.fusion-body .fusion-flex-container.fusion-builder-row-1{ padding-top : 0px;margin-top : 0px;padding-right : 0px;padding-bottom : 0px;margin-bottom : 0px;padding-left : 0px;}<\/style><\/div>\n","protected":false},"excerpt":{"rendered":"","protected":false},"author":1,"featured_media":2212,"parent":0,"menu_order":0,"comment_status":"closed","ping_status":"closed","template":"","meta":[],"_links":{"self":[{"href":"https:\/\/rossumcafe.com\/en\/wp-json\/wp\/v2\/pages\/2200"}],"collection":[{"href":"https:\/\/rossumcafe.com\/en\/wp-json\/wp\/v2\/pages"}],"about":[{"href":"https:\/\/rossumcafe.com\/en\/wp-json\/wp\/v2\/types\/page"}],"author":[{"embeddable":true,"href":"https:\/\/rossumcafe.com\/en\/wp-json\/wp\/v2\/users\/1"}],"replies":[{"embeddable":true,"href":"https:\/\/rossumcafe.com\/en\/wp-json\/wp\/v2\/comments?post=2200"}],"version-history":[{"count":4,"href":"https:\/\/rossumcafe.com\/en\/wp-json\/wp\/v2\/pages\/2200\/revisions"}],"predecessor-version":[{"id":2209,"href":"https:\/\/rossumcafe.com\/en\/wp-json\/wp\/v2\/pages\/2200\/revisions\/2209"}],"wp:featuredmedia":[{"embeddable":true,"href":"https:\/\/rossumcafe.com\/en\/wp-json\/wp\/v2\/media\/2212"}],"wp:attachment":[{"href":"https:\/\/rossumcafe.com\/en\/wp-json\/wp\/v2\/media?parent=2200"}],"curies":[{"name":"wp","href":"https:\/\/api.w.org\/{rel}","templated":true}]}}